{"id":92,"date":"2023-09-27T10:24:02","date_gmt":"2023-09-27T10:24:02","guid":{"rendered":"https:\/\/ansgar.se\/?page_id=92"},"modified":"2023-09-27T10:25:50","modified_gmt":"2023-09-27T10:25:50","slug":"startsida","status":"publish","type":"page","link":"https:\/\/ansgar.se\/","title":{"rendered":"Hem"},"content":{"rendered":"\n<p>Alla gillar vi att resa, alla gillar vi att slappna av. \u00c4nd\u00e5 \u00e4r det f\u00e5 som har tid eller ork att \u00e5ka iv\u00e4g p\u00e5 den resa man alltid dr\u00f6mt om, vare sig det \u00e4r till andra sidan jorden eller p\u00e5 hemmaplan. Detta \u00e4r en blogg d\u00e4r det delas turistm\u00e5l och resetips f\u00f6r dig som vill resa men som kanske saknar inspirationen f\u00f6r att faktiskt \u00e5ka iv\u00e4g. Och det \u00e4r detta denna blogg \u00e4r till f\u00f6r, att f\u00f6rhoppningsvis f\u00e5 dig att till slut \u00e5ka p\u00e5 din dr\u00f6mresa, f\u00f6r att uppleva v\u00e4rldens alla h\u00f6rn och de fantastiska sev\u00e4rdheter som denna jord erbjuder!<\/p>\n","protected":false},"excerpt":{"rendered":"<p>Alla gillar vi att resa, alla gillar vi att slappna av. \u00c4nd\u00e5 \u00e4r det f\u00e5 som har tid eller ork att \u00e5ka iv\u00e4g p\u00e5 den resa man alltid dr\u00f6mt om, vare sig det \u00e4r till andra sidan jorden eller p\u00e5 hemmaplan. Detta \u00e4r en blogg d\u00e4r det delas turistm\u00e5l och resetips f\u00f6r dig som vill [&hellip;]<\/p>\n","protected":false},"author":2,"featured_media":0,"parent":0,"menu_order":6,"comment_status":"closed","ping_status":"closed","template":"","meta":{"footnotes":""},"class_list":["post-92","page","type-page","status-publish","hentry"],"_links":{"self":[{"href":"https:\/\/ansgar.se\/index.php?rest_route=\/wp\/v2\/pages\/92","targetHints":{"allow":["GET"]}}],"collection":[{"href":"https:\/\/ansgar.se\/index.php?rest_route=\/wp\/v2\/pages"}],"about":[{"href":"https:\/\/ansgar.se\/index.php?rest_route=\/wp\/v2\/types\/page"}],"author":[{"embeddable":true,"href":"https:\/\/ansgar.se\/index.php?rest_route=\/wp\/v2\/users\/2"}],"replies":[{"embeddable":true,"href":"https:\/\/ansgar.se\/index.php?rest_route=%2Fwp%2Fv2%2Fcomments&post=92"}],"version-history":[{"count":2,"href":"https:\/\/ansgar.se\/index.php?rest_route=\/wp\/v2\/pages\/92\/revisions"}],"predecessor-version":[{"id":94,"href":"https:\/\/ansgar.se\/index.php?rest_route=\/wp\/v2\/pages\/92\/revisions\/94"}],"wp:attachment":[{"href":"https:\/\/ansgar.se\/index.php?rest_route=%2Fwp%2Fv2%2Fmedia&parent=92"}],"curies":[{"name":"wp","href":"https:\/\/api.w.org\/{rel}","templated":true}]}}